{"id":512,"date":"2020-01-23T11:40:35","date_gmt":"2020-01-23T10:40:35","guid":{"rendered":"https:\/\/www.fontana-group.com\/?page_id=512"},"modified":"2025-03-17T11:27:40","modified_gmt":"2025-03-17T10:27:40","slug":"sostenibilita","status":"publish","type":"page","link":"https:\/\/www.fontana-group.com\/it\/sostenibilita\/","title":{"rendered":"Sostenibilit\u00e0"},"content":{"rendered":"<section class=\"l-section wpb_row sezione1 height_medium width_full with_img\"><div class=\"l-section-img\" role=\"img\" aria-label=\"Immagine\" data-img-width=\"2880\" data-img-height=\"700\" style=\"background-image: url(https:\/\/www.fontana-group.com\/wp-content\/uploads\/2020\/01\/fontana-groupBACKGROUND-PEOPLE.png);\"><\/div><div class=\"l-section-h i-cf\"><div class=\"g-cols vc_row via_flex valign_top type_default stacking_default\"><div class=\"vc_col-sm-12 wpb_column vc_column_container elimino-margin\"><div class=\"vc_column-inner us_custom_57f5615c\"><div class=\"wpb_wrapper\"><div class=\"w-separator size_custom\" style=\"height:50px\" id=\"v55f\"><style>@media(max-width:1024px){ #v55f{height:150px!important}}@media(max-width:600px){ #v55f{height:100px!important}}<\/style><\/div><div class=\"g-cols wpb_row elimino-margin via_flex valign_middle type_default stacking_default\"><div class=\"vc_col-sm-6 wpb_column vc_column_container padding-block-left pagetitle has_text_color\"><div class=\"vc_column-inner us_custom_6df4bc3a\"><div class=\"wpb_wrapper\"><div class=\"wpb_text_column\"><div class=\"wpb_wrapper\"><h1>Sostenibilit\u00e0<span class=\"punto\">.<\/span><\/h1>\n<\/div><\/div><\/div><\/div><\/div><div class=\"vc_col-sm-6 wpb_column vc_column_container testo1 has_text_color\"><div class=\"vc_column-inner us_custom_6df4bc3a\"><div class=\"wpb_wrapper\"><\/div><\/div><\/div><\/div><\/div><\/div><\/div><\/div><\/div><\/section><section class=\"l-section wpb_row blocco4 height_auto width_full\"><div class=\"l-section-overlay\" style=\"background:#000000\"><\/div><div class=\"l-section-h i-cf\"><div class=\"g-cols vc_row via_flex valign_top type_default stacking_default\"><div class=\"vc_col-sm-12 wpb_column vc_column_container elimino-margin us_animate_afb\"><div class=\"vc_column-inner\"><div class=\"wpb_wrapper\"><div class=\"g-cols wpb_row via_flex valign_top type_default stacking_default\"><div class=\"vc_col-sm-6 wpb_column vc_column_container padding-block-left has_text_color\"><div class=\"vc_column-inner us_custom_6df4bc3a\"><div class=\"wpb_wrapper\"><div class=\"w-separator size_custom\" style=\"height:0px\" id=\"m5f4\"><style>@media(max-width:1024px){ #m5f4{height:30px!important}}@media(max-width:600px){ #m5f4{height:30px!important}}<\/style><\/div><div class=\"wpb_text_column\"><div class=\"wpb_wrapper\"><h2>L&#8217;impegno per un futuro sostenibile<span class=\"punto\">.<\/span><\/h2>\n<\/div><\/div><div class=\"wpb_text_column us_custom_6df4bc3a has_text_color\"><div class=\"wpb_wrapper\"><p>Da oltre 60 anni Fontana Group pensa al <strong>futuro<\/strong> con una forte spinta all&#8217;innovazione, come cifra distintiva del suo impegno in ogni sfida. Oggi guardare al futuro significa ragionare in termini di <strong>sostenibilit\u00e0<\/strong> e prestare sempre pi\u00f9 attenzione a tutti i suoi aspetti.<\/p>\n<p>Ecco perch\u00e9 Fontana Group ha nuovamente messo in campo la carta dell&#8217;innovazione. Questo \u00e8 l&#8217;unico modo per condurre una <strong>filosofia di sviluppo sostenibile<\/strong>, capace di contribuire ad un nuovo <strong>sviluppo sociale<\/strong>, per la\u00a0<strong>salute delle persone e dell&#8217;ambiente<\/strong>.\u00a0\u00c8 in questo modo che si pu\u00f2 costruire una nuova idea di <strong>sicurezza<\/strong> e una visione di <strong>comunit\u00e0<\/strong> all\u2019insegna del <strong>benessere esteso<\/strong>.<\/p>\n<p class=\"p1\">Dal 2020 Fontana Group ufficializza il suo impegno volto alla valorizzazione e implementazione di pratiche e comportamenti sostenibili redigendo annualmente il <b>report di sostenibilit\u00e0 <\/b>(Bilancio sociale o CSR).<\/p>\n<p><a href=\"https:\/\/www.fontana-group.com\/wp-content\/uploads\/2025\/03\/Fontana-Pietro_Report-di-Sostenibilita_Abstract_2024.pdf\" target=\"_blank\" rel=\"noopener\"><span style=\"color: #00ffc6;\"><strong>Abstract del Report di Sostenibilit\u00e0<\/strong><\/span><\/a><\/p>\n<\/div><\/div><div class=\"w-separator size_custom\" style=\"height:0px\" id=\"oa69\"><style>@media(max-width:1024px){ #oa69{height:10px!important}}@media(max-width:600px){ #oa69{height:10px!important}}<\/style><\/div><\/div><\/div><\/div><div class=\"vc_col-sm-6 wpb_column vc_column_container blocco2 right\"><div class=\"vc_column-inner\"><div class=\"wpb_wrapper\"><div class=\"w-image align_center\"><div class=\"w-image-h\"><img decoding=\"async\" width=\"1440\" height=\"1818\" src=\"https:\/\/www.fontana-group.com\/wp-content\/uploads\/2020\/01\/sostenibilita_1_fontana_group.jpg\" class=\"attachment-full size-full\" alt=\"\" loading=\"lazy\" srcset=\"https:\/\/www.fontana-group.com\/wp-content\/uploads\/2020\/01\/sostenibilita_1_fontana_group.jpg 1440w, https:\/\/www.fontana-group.com\/wp-content\/uploads\/2020\/01\/sostenibilita_1_fontana_group-238x300.jpg 238w, https:\/\/www.fontana-group.com\/wp-content\/uploads\/2020\/01\/sostenibilita_1_fontana_group-811x1024.jpg 811w, https:\/\/www.fontana-group.com\/wp-content\/uploads\/2020\/01\/sostenibilita_1_fontana_group-1217x1536.jpg 1217w\" sizes=\"auto, (max-width: 1440px) 100vw, 1440px\" \/><\/div><\/div><\/div><\/div><\/div><\/div><\/div><\/div><\/div><\/div><\/div><\/section><section class=\"l-section wpb_row height_auto width_full\"><div class=\"l-section-h i-cf\"><div class=\"g-cols vc_row via_flex valign_top type_default stacking_default\"><div class=\"vc_col-sm-12 wpb_column vc_column_container elimino-margin us_animate_afl\"><div class=\"vc_column-inner\"><div class=\"wpb_wrapper\"><div class=\"g-cols wpb_row via_flex valign_middle type_default stacking_default\"><div class=\"vc_col-sm-6 vc_hidden-sm vc_hidden-xs wpb_column vc_column_container blocco2\"><div class=\"vc_column-inner\"><div class=\"wpb_wrapper\"><div class=\"w-image align_center\"><div class=\"w-image-h\"><img decoding=\"async\" width=\"1440\" height=\"1550\" src=\"https:\/\/www.fontana-group.com\/wp-content\/uploads\/2020\/05\/IMG-SOSTENIBILITA.jpg\" class=\"attachment-full size-full\" alt=\"\" loading=\"lazy\" srcset=\"https:\/\/www.fontana-group.com\/wp-content\/uploads\/2020\/05\/IMG-SOSTENIBILITA.jpg 1440w, https:\/\/www.fontana-group.com\/wp-content\/uploads\/2020\/05\/IMG-SOSTENIBILITA-279x300.jpg 279w, https:\/\/www.fontana-group.com\/wp-content\/uploads\/2020\/05\/IMG-SOSTENIBILITA-951x1024.jpg 951w, https:\/\/www.fontana-group.com\/wp-content\/uploads\/2020\/05\/IMG-SOSTENIBILITA-1427x1536.jpg 1427w\" sizes=\"auto, (max-width: 1440px) 100vw, 1440px\" \/><\/div><\/div><\/div><\/div><\/div><div class=\"vc_col-sm-6 wpb_column vc_column_container\"><div class=\"vc_column-inner us_custom_9bce5deb\"><div class=\"wpb_wrapper\"><div class=\"w-separator size_custom\" style=\"height:0px\" id=\"w1bd\"><style>@media(max-width:600px){ #w1bd{height:30px!important}}<\/style><\/div><div class=\"wpb_text_column\"><div class=\"wpb_wrapper\"><h2>Innovazione per la sostenibilit\u00e0<span class=\"punto\">.<\/span><\/h2>\n<\/div><\/div><div class=\"wpb_text_column\"><div class=\"wpb_wrapper\"><p>Alla luce del suo impegno verso la sostenibilit\u00e0, Fontana Group ha rinnovato i suoi <strong>processi produttivi<\/strong>, oggi particolarmente orientati al <strong>rispetto ambientale:<\/strong> perch\u00e9 <strong>non generano emissioni atmosferiche inquinanti<\/strong> e utilizzano solo <strong>materiali a impatto zero<\/strong>. Le carrozzerie realizzate, infatti, sono in <span style=\"color: #00785f;\"><strong>alluminio<\/strong><\/span>, un <span style=\"color: #00785f;\"><strong>materiale ecologico e riciclabile al 100%<\/strong><\/span>.<\/p>\n<\/div><\/div><div class=\"w-separator size_custom\" style=\"height:0px\" id=\"o6ac\"><style>@media(max-width:600px){ #o6ac{height:10px!important}}<\/style><\/div><\/div><\/div><\/div><\/div><div class=\"g-cols wpb_row via_flex valign_middle type_default stacking_default\"><div class=\"vc_col-sm-6 vc_hidden-lg vc_hidden-md wpb_column vc_column_container blocco2\"><div class=\"vc_column-inner\"><div class=\"wpb_wrapper\"><div class=\"w-image align_center\"><div class=\"w-image-h\"><img decoding=\"async\" width=\"1440\" height=\"1550\" src=\"https:\/\/www.fontana-group.com\/wp-content\/uploads\/2020\/05\/IMG-SOSTENIBILITA.jpg\" class=\"attachment-full size-full\" alt=\"\" loading=\"lazy\" srcset=\"https:\/\/www.fontana-group.com\/wp-content\/uploads\/2020\/05\/IMG-SOSTENIBILITA.jpg 1440w, https:\/\/www.fontana-group.com\/wp-content\/uploads\/2020\/05\/IMG-SOSTENIBILITA-279x300.jpg 279w, https:\/\/www.fontana-group.com\/wp-content\/uploads\/2020\/05\/IMG-SOSTENIBILITA-951x1024.jpg 951w, https:\/\/www.fontana-group.com\/wp-content\/uploads\/2020\/05\/IMG-SOSTENIBILITA-1427x1536.jpg 1427w\" sizes=\"auto, (max-width: 1440px) 100vw, 1440px\" \/><\/div><\/div><\/div><\/div><\/div><\/div><\/div><\/div><\/div><\/div><\/div><\/section><section class=\"l-section wpb_row height_auto width_full\"><div class=\"l-section-overlay\" style=\"background:#000000\"><\/div><div class=\"l-section-h i-cf\"><div class=\"g-cols vc_row via_flex valign_top type_default stacking_default\"><div class=\"vc_col-sm-12 wpb_column vc_column_container elimino-margin us_animate_afb\"><div class=\"vc_column-inner\"><div class=\"wpb_wrapper\"><div class=\"g-cols wpb_row via_flex valign_middle type_default stacking_default\"><div class=\"vc_col-sm-6 wpb_column vc_column_container padding-block-left has_text_color\"><div class=\"vc_column-inner us_custom_6df4bc3a\"><div class=\"wpb_wrapper\"><div class=\"w-separator size_custom\" style=\"height:0px\" id=\"v251\"><style>@media(max-width:600px){ #v251{height:30px!important}}<\/style><\/div><div class=\"wpb_text_column\"><div class=\"wpb_wrapper\"><h2>Progetti di sostenibilit\u00e0 in azienda<span class=\"punto\">.<\/span><\/h2>\n<\/div><\/div><div class=\"wpb_text_column us_custom_6df4bc3a has_text_color\"><div class=\"wpb_wrapper\"><p>La filosofia del rispetto per l\u2019ambiente e la salute delle persone si traduce nella realizzazione di progetti e iniziative concreti. <span class=\"Apple-converted-space\">\u00a0<\/span><\/p>\n<p>Il progetto <strong>Paper Conservation<\/strong>\u00a0\u00e8 volto a responsabilizzare tutti i collaboratori del Gruppo verso un <strong>minore impiego di carta<\/strong> e l\u2019utilizzo di <strong>soluzioni digitali<\/strong>, che rispondono anche in modo pi\u00f9 efficace allo scambio di informazioni tra le diverse realt\u00e0 aziendali. Per la salute delle persone e dell\u2019ambiente, inoltre, Fontana Group ha scelto di essere una <strong>No Smoking Company<\/strong>, sensibilizzando tutti i collaboratori sui <strong>danni del fumo attivo e passivo<\/strong>.<\/p>\n<p>Il percorso verso la sostenibilit\u00e0 si consolida con <b>ulteriori attivit\u00e0 a favore dell\u2019ambiente e della sicurezza dei propri lavoratori<\/b>, come l\u2019ottenimento delle <b>Certificazioni 14001 e 45001<\/b>,\u00a0la nascita del nuovo progetto<b> Fontana Planet<\/b> e la realizzazione del primo <b>Bilancio Sociale<\/b>.<\/p>\n<\/div><\/div><div class=\"w-separator size_custom\" style=\"height:0px\" id=\"e579\"><style>@media(max-width:600px){ #e579{height:10px!important}}<\/style><\/div><\/div><\/div><\/div><div class=\"vc_col-sm-6 wpb_column vc_column_container blocco2 right\"><div class=\"vc_column-inner\"><div class=\"wpb_wrapper\"><div class=\"w-image align_center\"><div class=\"w-image-h\"><img decoding=\"async\" width=\"960\" height=\"1200\" src=\"https:\/\/www.fontana-group.com\/wp-content\/uploads\/2020\/07\/Sostenibilita_1.jpg\" class=\"attachment-full size-full\" alt=\"\" loading=\"lazy\" srcset=\"https:\/\/www.fontana-group.com\/wp-content\/uploads\/2020\/07\/Sostenibilita_1.jpg 960w, https:\/\/www.fontana-group.com\/wp-content\/uploads\/2020\/07\/Sostenibilita_1-240x300.jpg 240w, https:\/\/www.fontana-group.com\/wp-content\/uploads\/2020\/07\/Sostenibilita_1-819x1024.jpg 819w\" sizes=\"auto, (max-width: 960px) 100vw, 960px\" \/><\/div><\/div><\/div><\/div><\/div><\/div><\/div><\/div><\/div><\/div><\/div><\/section><section class=\"l-section wpb_row height_auto width_full\"><div class=\"l-section-h i-cf\"><div class=\"g-cols vc_row via_flex valign_top type_default stacking_default\"><div class=\"vc_col-sm-12 wpb_column vc_column_container elimino-margin us_animate_afl\"><div class=\"vc_column-inner\"><div class=\"wpb_wrapper\"><div class=\"g-cols wpb_row via_flex valign_middle type_default stacking_default\"><div class=\"vc_col-sm-6 vc_hidden-sm vc_hidden-xs wpb_column vc_column_container blocco2\"><div class=\"vc_column-inner\"><div class=\"wpb_wrapper\"><div class=\"w-image align_center\"><div class=\"w-image-h\"><img decoding=\"async\" width=\"961\" height=\"1200\" src=\"https:\/\/www.fontana-group.com\/wp-content\/uploads\/2020\/07\/FontanaPlanet.jpg\" class=\"attachment-full size-full\" alt=\"\" loading=\"lazy\" srcset=\"https:\/\/www.fontana-group.com\/wp-content\/uploads\/2020\/07\/FontanaPlanet.jpg 961w, https:\/\/www.fontana-group.com\/wp-content\/uploads\/2020\/07\/FontanaPlanet-240x300.jpg 240w, https:\/\/www.fontana-group.com\/wp-content\/uploads\/2020\/07\/FontanaPlanet-820x1024.jpg 820w\" sizes=\"auto, (max-width: 961px) 100vw, 961px\" \/><\/div><\/div><\/div><\/div><\/div><div class=\"vc_col-sm-6 wpb_column vc_column_container\"><div class=\"vc_column-inner us_custom_435c636a\"><div class=\"wpb_wrapper\"><div class=\"w-separator size_custom\" style=\"height:0px\" id=\"lcfd\"><style>@media(max-width:600px){ #lcfd{height:30px!important}}<\/style><\/div><div class=\"wpb_text_column\"><div class=\"wpb_wrapper\"><h2>Fontana\u00a0Planet<span class=\"punto\">.<\/span><\/h2>\n<\/div><\/div><div class=\"wpb_text_column\"><div class=\"wpb_wrapper\"><p>Fontana Planet \u00e8 un progetto che promuove la <strong>sostenibilit\u00e0 consapevole<\/strong>, con particolare <strong>attenzione ai comportamenti green e alla coscienza sociale<\/strong>. Nel tempo, abbiamo dato vita a <span style=\"color: #00785f;\"><strong>numerose iniziative<\/strong><\/span> per aiutare l\u2019ambiente e la collettivit\u00e0:<\/p>\n<\/div><\/div><div class=\"wpb_text_column us_custom_9c33410b\"><div class=\"wpb_wrapper\"><div class=\"align_left pallino2\">\n<p style=\"display: block; margin-left: 39px;\">Progressiva diminuzione dell\u2019utilizzo della plastica in azienda. Abbiamo adottato <strong><span style=\"color: #00785f;\">soluzioni plastic free<\/span><\/strong>, come l\u2019introduzione di bottiglie in acciaio per tutti i nostri dipendenti<\/p>\n<\/div>\n<\/div><\/div><div class=\"wpb_text_column us_custom_9c33410b\"><div class=\"wpb_wrapper\"><div class=\"align_left pallino2\">\n<p style=\"display: block; margin-left: 39px;\">Sviluppo di <span style=\"color: #00785f;\"><strong>progetti a favore dell\u2019ambiente<\/strong><\/span>, come azioni di forestazione per contribuire all&#8217;ossigenazione del pianeta<span class=\"Apple-converted-space\">\u00a0<\/span><\/p>\n<\/div>\n<\/div><\/div><div class=\"wpb_text_column us_custom_9c33410b\"><div class=\"wpb_wrapper\"><div class=\"align_left pallino2\">\n<p style=\"display: block; margin-left: 39px;\">Sponsorizzazione di iniziative a sostegno dello <span style=\"color: #00785f;\"><strong>sviluppo di attivit\u00e0 di interesse collettivo<\/strong><\/span><\/p>\n<\/div>\n<\/div><\/div><div class=\"wpb_text_column us_custom_9c33410b\"><div class=\"wpb_wrapper\"><div class=\"align_left pallino2\">\n<p style=\"display: block; margin-left: 39px;\">Stanziamento di <strong><span style=\"color: #00785f;\">incentivi per favorire la produttivit\u00e0<\/span><\/strong> e la <span style=\"color: #00785f;\"><strong>lealt\u00e0 aziendale<\/strong><\/span><\/p>\n<\/div>\n<\/div><\/div><div class=\"wpb_text_column\"><div class=\"wpb_wrapper\"><div class=\"align_left pallino2\">\n<p style=\"display: block; margin-left: 39px;\"><span style=\"color: #00785f;\"><strong>Donazioni<\/strong><\/span> ad enti e associazioni <strong><span style=\"color: #00785f;\">a scopo benefico<\/span><span class=\"Apple-converted-space\">\u00a0<\/span><\/strong><\/p>\n<\/div>\n<\/div><\/div><div class=\"w-separator size_custom\" style=\"height:0px\" id=\"ub10\"><style>@media(max-width:600px){ #ub10{height:10px!important}}<\/style><\/div><\/div><\/div><\/div><\/div><div class=\"g-cols wpb_row via_flex valign_middle type_default stacking_default\"><div class=\"vc_col-sm-6 vc_hidden-lg vc_hidden-md wpb_column vc_column_container blocco2\"><div class=\"vc_column-inner\"><div class=\"wpb_wrapper\"><div class=\"w-image align_center\"><div class=\"w-image-h\"><img decoding=\"async\" width=\"961\" height=\"1200\" src=\"https:\/\/www.fontana-group.com\/wp-content\/uploads\/2020\/07\/FontanaPlanet.jpg\" class=\"attachment-full size-full\" alt=\"\" loading=\"lazy\" srcset=\"https:\/\/www.fontana-group.com\/wp-content\/uploads\/2020\/07\/FontanaPlanet.jpg 961w, https:\/\/www.fontana-group.com\/wp-content\/uploads\/2020\/07\/FontanaPlanet-240x300.jpg 240w, https:\/\/www.fontana-group.com\/wp-content\/uploads\/2020\/07\/FontanaPlanet-820x1024.jpg 820w\" sizes=\"auto, (max-width: 961px) 100vw, 961px\" \/><\/div><\/div><\/div><\/div><\/div><\/div><\/div><\/div><\/div><\/div><\/div><\/section>\n","protected":false},"excerpt":{"rendered":"Sostenibilit\u00e0. L&#8217;impegno per un futuro sostenibile. Da oltre 60 anni Fontana Group pensa al futuro con una forte spinta all&#8217;innovazione, come cifra distintiva del suo impegno in ogni sfida. Oggi guardare al futuro significa ragionare in termini di sostenibilit\u00e0 e prestare sempre pi\u00f9 attenzione a tutti i suoi aspetti. Ecco perch\u00e9 Fontana Group ha nuovamente...","protected":false},"author":4,"featured_media":0,"parent":0,"menu_order":0,"comment_status":"closed","ping_status":"closed","template":"","meta":{"_acf_changed":false,"footnotes":""},"class_list":["post-512","page","type-page","status-publish","hentry"],"acf":[],"yoast_head":"<!-- This site is optimized with the Yoast SEO plugin v27.4 - https:\/\/yoast.com\/product\/yoast-seo-wordpress\/ -->\n<title>Sostenibilit\u00e0 - Fontana Group<\/title>\n<meta name=\"robots\" content=\"index, follow, max-snippet:-1, max-image-preview:large, max-video-preview:-1\" \/>\n<link rel=\"canonical\" href=\"https:\/\/www.fontana-group.com\/it\/sostenibilita\/\" \/>\n<meta property=\"og:locale\" content=\"it_IT\" \/>\n<meta property=\"og:type\" content=\"article\" \/>\n<meta property=\"og:title\" content=\"Sostenibilit\u00e0 - Fontana Group\" \/>\n<meta property=\"og:url\" content=\"https:\/\/www.fontana-group.com\/it\/sostenibilita\/\" \/>\n<meta property=\"og:site_name\" content=\"Fontana Group\" \/>\n<meta property=\"article:modified_time\" content=\"2025-03-17T10:27:40+00:00\" \/>\n<meta property=\"og:image\" content=\"https:\/\/www.fontana-group.com\/wp-content\/uploads\/2020\/10\/fontana_w-3.jpg\" \/>\n\t<meta property=\"og:image:width\" content=\"300\" \/>\n\t<meta property=\"og:image:height\" content=\"300\" \/>\n\t<meta property=\"og:image:type\" content=\"image\/jpeg\" \/>\n<meta name=\"twitter:card\" content=\"summary_large_image\" \/>\n<meta name=\"twitter:label1\" content=\"Tempo di lettura stimato\" \/>\n\t<meta name=\"twitter:data1\" content=\"4 minuti\" \/>\n<script type=\"application\/ld+json\" class=\"yoast-schema-graph\">{\"@context\":\"https:\\\/\\\/schema.org\",\"@graph\":[{\"@type\":\"WebPage\",\"@id\":\"https:\\\/\\\/www.fontana-group.com\\\/it\\\/sostenibilita\\\/\",\"url\":\"https:\\\/\\\/www.fontana-group.com\\\/it\\\/sostenibilita\\\/\",\"name\":\"Sostenibilit\u00e0 - Fontana Group\",\"isPartOf\":{\"@id\":\"https:\\\/\\\/www.fontana-group.com\\\/it\\\/#website\"},\"datePublished\":\"2020-01-23T10:40:35+00:00\",\"dateModified\":\"2025-03-17T10:27:40+00:00\",\"breadcrumb\":{\"@id\":\"https:\\\/\\\/www.fontana-group.com\\\/it\\\/sostenibilita\\\/#breadcrumb\"},\"inLanguage\":\"it-IT\",\"potentialAction\":[{\"@type\":\"ReadAction\",\"target\":[\"https:\\\/\\\/www.fontana-group.com\\\/it\\\/sostenibilita\\\/\"]}]},{\"@type\":\"BreadcrumbList\",\"@id\":\"https:\\\/\\\/www.fontana-group.com\\\/it\\\/sostenibilita\\\/#breadcrumb\",\"itemListElement\":[{\"@type\":\"ListItem\",\"position\":1,\"name\":\"Home\",\"item\":\"https:\\\/\\\/www.fontana-group.com\\\/it\\\/\"},{\"@type\":\"ListItem\",\"position\":2,\"name\":\"Sostenibilit\u00e0\"}]},{\"@type\":\"WebSite\",\"@id\":\"https:\\\/\\\/www.fontana-group.com\\\/it\\\/#website\",\"url\":\"https:\\\/\\\/www.fontana-group.com\\\/it\\\/\",\"name\":\"Fontana Group\",\"description\":\"Where ideas take shape\",\"potentialAction\":[{\"@type\":\"SearchAction\",\"target\":{\"@type\":\"EntryPoint\",\"urlTemplate\":\"https:\\\/\\\/www.fontana-group.com\\\/it\\\/?s={search_term_string}\"},\"query-input\":{\"@type\":\"PropertyValueSpecification\",\"valueRequired\":true,\"valueName\":\"search_term_string\"}}],\"inLanguage\":\"it-IT\"}]}<\/script>\n<!-- \/ Yoast SEO plugin. -->","yoast_head_json":{"title":"Sostenibilit\u00e0 - Fontana Group","robots":{"index":"index","follow":"follow","max-snippet":"max-snippet:-1","max-image-preview":"max-image-preview:large","max-video-preview":"max-video-preview:-1"},"canonical":"https:\/\/www.fontana-group.com\/it\/sostenibilita\/","og_locale":"it_IT","og_type":"article","og_title":"Sostenibilit\u00e0 - Fontana Group","og_url":"https:\/\/www.fontana-group.com\/it\/sostenibilita\/","og_site_name":"Fontana Group","article_modified_time":"2025-03-17T10:27:40+00:00","og_image":[{"width":300,"height":300,"url":"https:\/\/www.fontana-group.com\/wp-content\/uploads\/2020\/10\/fontana_w-3.jpg","type":"image\/jpeg"}],"twitter_card":"summary_large_image","twitter_misc":{"Tempo di lettura stimato":"4 minuti"},"schema":{"@context":"https:\/\/schema.org","@graph":[{"@type":"WebPage","@id":"https:\/\/www.fontana-group.com\/it\/sostenibilita\/","url":"https:\/\/www.fontana-group.com\/it\/sostenibilita\/","name":"Sostenibilit\u00e0 - Fontana Group","isPartOf":{"@id":"https:\/\/www.fontana-group.com\/it\/#website"},"datePublished":"2020-01-23T10:40:35+00:00","dateModified":"2025-03-17T10:27:40+00:00","breadcrumb":{"@id":"https:\/\/www.fontana-group.com\/it\/sostenibilita\/#breadcrumb"},"inLanguage":"it-IT","potentialAction":[{"@type":"ReadAction","target":["https:\/\/www.fontana-group.com\/it\/sostenibilita\/"]}]},{"@type":"BreadcrumbList","@id":"https:\/\/www.fontana-group.com\/it\/sostenibilita\/#breadcrumb","itemListElement":[{"@type":"ListItem","position":1,"name":"Home","item":"https:\/\/www.fontana-group.com\/it\/"},{"@type":"ListItem","position":2,"name":"Sostenibilit\u00e0"}]},{"@type":"WebSite","@id":"https:\/\/www.fontana-group.com\/it\/#website","url":"https:\/\/www.fontana-group.com\/it\/","name":"Fontana Group","description":"Where ideas take shape","potentialAction":[{"@type":"SearchAction","target":{"@type":"EntryPoint","urlTemplate":"https:\/\/www.fontana-group.com\/it\/?s={search_term_string}"},"query-input":{"@type":"PropertyValueSpecification","valueRequired":true,"valueName":"search_term_string"}}],"inLanguage":"it-IT"}]}},"_links":{"self":[{"href":"https:\/\/www.fontana-group.com\/it\/wp-json\/wp\/v2\/pages\/512","targetHints":{"allow":["GET"]}}],"collection":[{"href":"https:\/\/www.fontana-group.com\/it\/wp-json\/wp\/v2\/pages"}],"about":[{"href":"https:\/\/www.fontana-group.com\/it\/wp-json\/wp\/v2\/types\/page"}],"author":[{"embeddable":true,"href":"https:\/\/www.fontana-group.com\/it\/wp-json\/wp\/v2\/users\/4"}],"replies":[{"embeddable":true,"href":"https:\/\/www.fontana-group.com\/it\/wp-json\/wp\/v2\/comments?post=512"}],"version-history":[{"count":11,"href":"https:\/\/www.fontana-group.com\/it\/wp-json\/wp\/v2\/pages\/512\/revisions"}],"predecessor-version":[{"id":5671,"href":"https:\/\/www.fontana-group.com\/it\/wp-json\/wp\/v2\/pages\/512\/revisions\/5671"}],"wp:attachment":[{"href":"https:\/\/www.fontana-group.com\/it\/wp-json\/wp\/v2\/media?parent=512"}],"curies":[{"name":"wp","href":"https:\/\/api.w.org\/{rel}","templated":true}]}}