{"id":478,"date":"2020-01-23T11:05:05","date_gmt":"2020-01-23T10:05:05","guid":{"rendered":"https:\/\/www.fontana-group.com\/?page_id=478"},"modified":"2025-07-10T10:14:06","modified_gmt":"2025-07-10T08:14:06","slug":"codice-etico","status":"publish","type":"page","link":"https:\/\/www.fontana-group.com\/it\/codice-etico\/","title":{"rendered":"Codice etico"},"content":{"rendered":"<section class=\"l-section wpb_row sezione1 height_medium width_full with_img\"><div class=\"l-section-img\" role=\"img\" aria-label=\"Immagine\" data-img-width=\"2880\" data-img-height=\"700\" style=\"background-image: url(https:\/\/www.fontana-group.com\/wp-content\/uploads\/2020\/01\/fontana-groupBACKGROUND-PEOPLE.png);\"><\/div><div class=\"l-section-h i-cf\"><div class=\"g-cols vc_row via_flex valign_top type_default stacking_default\"><div class=\"vc_col-sm-12 wpb_column vc_column_container elimino-margin\"><div class=\"vc_column-inner us_custom_57f5615c\"><div class=\"wpb_wrapper\"><div class=\"w-separator size_custom\" style=\"height:50px\" id=\"q1c2\"><style>@media(max-width:1024px){ #q1c2{height:150px!important}}@media(max-width:600px){ #q1c2{height:100px!important}}<\/style><\/div><div class=\"g-cols wpb_row elimino-margin via_flex valign_middle type_default stacking_default\"><div class=\"vc_col-sm-6 wpb_column vc_column_container padding-block-left pagetitle has_text_color\"><div class=\"vc_column-inner us_custom_6df4bc3a\"><div class=\"wpb_wrapper\"><div class=\"wpb_text_column spazio-titolo\"><div class=\"wpb_wrapper\"><h1>Codice etico<span class=\"punto\">.<\/span><\/h1>\n<\/div><\/div><\/div><\/div><\/div><div class=\"vc_col-sm-6 wpb_column vc_column_container testo1 has_text_color\"><div class=\"vc_column-inner us_custom_6df4bc3a\"><div class=\"wpb_wrapper\"><\/div><\/div><\/div><\/div><\/div><\/div><\/div><\/div><\/div><\/section><section class=\"l-section wpb_row blocco4 height_auto width_full\"><div class=\"l-section-overlay\" style=\"background:#000000\"><\/div><div class=\"l-section-h i-cf\"><div class=\"g-cols vc_row via_flex valign_top type_default stacking_default\"><div class=\"vc_col-sm-12 wpb_column vc_column_container elimino-margin us_animate_afb\"><div class=\"vc_column-inner\"><div class=\"wpb_wrapper\"><\/div><\/div><\/div><\/div><\/div><\/section><section class=\"l-section wpb_row blocco4 height_auto width_full\"><div class=\"l-section-overlay\" style=\"background:#000000\"><\/div><div class=\"l-section-h i-cf\"><div class=\"g-cols vc_row via_flex valign_top type_default stacking_default\"><div class=\"vc_col-sm-12 wpb_column vc_column_container us_animate_afb\"><div class=\"vc_column-inner\"><div class=\"wpb_wrapper\"><div class=\"g-cols wpb_row via_flex valign_top type_default stacking_default\"><div class=\"vc_col-sm-6 wpb_column vc_column_container padding-block-left has_text_color\"><div class=\"vc_column-inner us_custom_6df4bc3a\"><div class=\"wpb_wrapper\"><div class=\"w-separator size_small\"><\/div><div class=\"wpb_text_column\"><div class=\"wpb_wrapper\"><h2>L&#8217;importanza<br \/>\ndelle regole<span class=\"punto\">.<\/span><\/h2>\n<\/div><\/div><div class=\"wpb_text_column us_custom_6df4bc3a has_text_color\"><div class=\"wpb_wrapper\"><p>Per Fontana Group <strong>il rispetto delle regole<\/strong> \u00e8 sempre stato il primo impegno da mantenere. Questo significa rispettare le <strong>leggi vigenti<\/strong>, ma non solo. Significa anche osservare <strong>tutte le norme che regolano l\u2019attivit\u00e0 produttiva e organizzativa<\/strong>, nella ferma convinzione che i <strong>valori etici<\/strong> e i <strong>valori economici<\/strong> debbano sempre essere profondamente <strong>connessi tra loro<\/strong>.<span class=\"Apple-converted-space\">\u00a0<\/span><\/p>\n<p>Per questo \u00e8 fondamentale che questo principio sia totalmente <strong>condiviso<\/strong> da tutti i collaboratori, interni ed esterni, che si impegnano cos\u00ec ad assumere<strong> i pi\u00f9 elevati standard di comportamento etico e di integrit\u00e0 morale<\/strong>, all\u2019interno del proprio ambito e nei confronti di colleghi e stakeholder.<\/p>\n<\/div><\/div><div class=\"w-separator size_custom\" style=\"height:0px\" id=\"ac6e\"><style>@media(max-width:600px){ #ac6e{height:10px!important}}<\/style><\/div><\/div><\/div><\/div><div class=\"vc_col-sm-6 wpb_column vc_column_container blocco2 right\"><div class=\"vc_column-inner\"><div class=\"wpb_wrapper\"><div class=\"w-image align_center\"><div class=\"w-image-h\"><img decoding=\"async\" width=\"960\" height=\"1200\" src=\"https:\/\/www.fontana-group.com\/wp-content\/uploads\/2020\/07\/ImportanzaRegole_1.jpg\" class=\"attachment-full size-full\" alt=\"\" loading=\"lazy\" srcset=\"https:\/\/www.fontana-group.com\/wp-content\/uploads\/2020\/07\/ImportanzaRegole_1.jpg 960w, https:\/\/www.fontana-group.com\/wp-content\/uploads\/2020\/07\/ImportanzaRegole_1-240x300.jpg 240w, https:\/\/www.fontana-group.com\/wp-content\/uploads\/2020\/07\/ImportanzaRegole_1-819x1024.jpg 819w\" sizes=\"auto, (max-width: 960px) 100vw, 960px\" \/><\/div><\/div><\/div><\/div><\/div><\/div><\/div><\/div><\/div><\/div><\/div><\/section><section class=\"l-section wpb_row height_auto width_full\"><div class=\"l-section-h i-cf\"><div class=\"g-cols vc_row via_flex valign_top type_default stacking_default\"><div class=\"vc_col-sm-12 wpb_column vc_column_container us_animate_afl\"><div class=\"vc_column-inner\"><div class=\"wpb_wrapper\"><div class=\"g-cols wpb_row via_flex valign_middle type_default stacking_default\"><div class=\"vc_col-sm-6 vc_hidden-sm vc_hidden-xs wpb_column vc_column_container blocco2\"><div class=\"vc_column-inner\"><div class=\"wpb_wrapper\"><div class=\"w-image align_center\"><div class=\"w-image-h\"><img decoding=\"async\" width=\"960\" height=\"1200\" src=\"https:\/\/www.fontana-group.com\/wp-content\/uploads\/2020\/07\/NostriValori_2.jpg\" class=\"attachment-full size-full\" alt=\"\" loading=\"lazy\" srcset=\"https:\/\/www.fontana-group.com\/wp-content\/uploads\/2020\/07\/NostriValori_2.jpg 960w, https:\/\/www.fontana-group.com\/wp-content\/uploads\/2020\/07\/NostriValori_2-240x300.jpg 240w, https:\/\/www.fontana-group.com\/wp-content\/uploads\/2020\/07\/NostriValori_2-819x1024.jpg 819w\" sizes=\"auto, (max-width: 960px) 100vw, 960px\" \/><\/div><\/div><\/div><\/div><\/div><div class=\"vc_col-sm-6 wpb_column vc_column_container padding-block-right\"><div class=\"vc_column-inner\"><div class=\"wpb_wrapper\"><div class=\"w-separator size_custom\" style=\"height:0px\" id=\"ccae\"><style>@media(max-width:600px){ #ccae{height:30px!important}}<\/style><\/div><div class=\"wpb_text_column\"><div class=\"wpb_wrapper\"><h2>I nostri valori<span class=\"punto\">.<\/span><\/h2>\n<\/div><\/div><div class=\"wpb_text_column\"><div class=\"wpb_wrapper\"><p>La <strong>fiducia<\/strong> e la<strong> lealt\u00e0 aziendale<\/strong> sono i valori che guidano l\u2019intero Codice Etico di Fontana Group. Sono principi <strong>radicati in modo profondo nella cultura aziendale<\/strong> e si traducono nell\u2019importanza del <strong>lavoro di squadra<\/strong>, nel desiderio di essere sempre pi\u00f9 <strong>competitivi<\/strong> e nell\u2019<strong>orgoglio<\/strong>, personale e di gruppo, per tutti i risultati ottenuti.<span class=\"Apple-converted-space\">\u00a0<\/span><\/p>\n<p>Risultati di successo che non sarebbero raggiungibili senza una <strong><span style=\"color: #00785f;\">forte spinta verso l\u2019innovazione<\/span><\/strong>, guardando al futuro sempre con <strong>ottimismo<\/strong> e <strong>proattivit\u00e0<\/strong>.<\/p>\n<p>Oltre al lavoro di squadra, \u00e8 per noi fondamentale il valore di ogni singolo collaboratore. Vogliamo circondarci di persone le cui skill tecniche si accompagnano a <strong>entusiasmo, positivit\u00e0 e massima attenzione ai dettagli<\/strong>. Diamo particolare importanza a qualit\u00e0 come la <strong>puntualit\u00e0<\/strong>, <strong>l\u2019onest\u00e0<\/strong> e <strong>l\u2019educazione<\/strong>, per accrescere il <strong>valore umano<\/strong> del nostro team.<\/p>\n<\/div><\/div><div class=\"w-separator size_custom\" style=\"height:0px\" id=\"h2c3\"><style>@media(max-width:600px){ #h2c3{height:10px!important}}<\/style><\/div><\/div><\/div><\/div><\/div><div class=\"g-cols wpb_row via_flex valign_middle type_default stacking_default\"><div class=\"vc_col-sm-6 vc_hidden-lg vc_hidden-md wpb_column vc_column_container blocco2\"><div class=\"vc_column-inner\"><div class=\"wpb_wrapper\"><div class=\"w-image align_center\"><div class=\"w-image-h\"><img decoding=\"async\" width=\"960\" height=\"1200\" src=\"https:\/\/www.fontana-group.com\/wp-content\/uploads\/2020\/07\/NostriValori_2.jpg\" class=\"attachment-full size-full\" alt=\"\" loading=\"lazy\" srcset=\"https:\/\/www.fontana-group.com\/wp-content\/uploads\/2020\/07\/NostriValori_2.jpg 960w, https:\/\/www.fontana-group.com\/wp-content\/uploads\/2020\/07\/NostriValori_2-240x300.jpg 240w, https:\/\/www.fontana-group.com\/wp-content\/uploads\/2020\/07\/NostriValori_2-819x1024.jpg 819w\" sizes=\"auto, (max-width: 960px) 100vw, 960px\" \/><\/div><\/div><\/div><\/div><\/div><\/div><\/div><\/div><\/div><\/div><\/div><\/section><section class=\"l-section wpb_row us_custom_2f2ba838 height_medium\"><div class=\"l-section-h i-cf\"><div class=\"g-cols vc_row via_flex valign_top type_default stacking_default\"><div class=\"vc_col-sm-12 wpb_column vc_column_container us_animate_afr\"><div class=\"vc_column-inner\"><div class=\"wpb_wrapper\"><div class=\"g-cols wpb_row via_flex valign_middle type_default stacking_default\"><div class=\"vc_col-sm-8 wpb_column vc_column_container padding-block-left\"><div class=\"vc_column-inner\"><div class=\"wpb_wrapper\"><div class=\"w-separator size_custom\" style=\"height:0px\" id=\"b1cc\"><style>@media(max-width:600px){ #b1cc{height:30px!important}}<\/style><\/div><div class=\"wpb_text_column\"><div class=\"wpb_wrapper\"><h2>Il Codice Etico di<br \/>\nFontana Group<span class=\"punto\">.<\/span><\/h2>\n<\/div><\/div><div class=\"wpb_text_column\"><div class=\"wpb_wrapper\"><p>Raccogliere tutti questi valori in un <strong>Codice Etico<\/strong> significa <strong><span style=\"color: #00785f;\">dare forma a<\/span> <span style=\"color: #00785f;\">questi principi e dichiarare l&#8217;identit\u00e0 aziendale<\/span><\/strong>, in modo forte e distintivo.<br \/>\nIn questo modo, Fontana Group \u00e8 in grado di <strong>attrarre i talenti e le migliori professionalit\u00e0<\/strong> del proprio comparto, rappresentando per i propri clienti un <strong>partner competente e responsabile<\/strong>, capace di raggiungere sempre gli obiettivi pi\u00f9 ambiziosi, anche a lungo termine.<br \/>\nCome previsto dal Codice Etico aziendale, Fontana Group ha implementato il proprio <strong>sistema di Whistleblowing<\/strong>, un sistema di <strong>segnalazione di eventuali comportamenti illeciti o non etici<\/strong> effettuati da qualunque persona in rapporto lavorativo o collaborativo con la nostra azienda.<\/p>\n<\/div><\/div><\/div><\/div><\/div><div class=\"vc_col-sm-4 wpb_column vc_column_container\"><div class=\"vc_column-inner\"><div class=\"wpb_wrapper\"><div class=\"w-separator size_custom\" style=\"height:0px\" id=\"k85e\"><style>@media(max-width:600px){ #k85e{height:10px!important}}<\/style><\/div><div class=\"w-btn-wrapper align_center\"><a class=\"w-btn us-btn-style_1 us_custom_12c74783 icon_atright\" target=\"_blank\" rel=\"nofollow\" href=\"https:\/\/www.fontana-group.com\/wp-content\/uploads\/2025\/07\/Codice-Etico-Fontana-Group.pdf\"><span class=\"w-btn-label\">Scarica il Codice Etico<\/span><i class=\"fas fa-chevron-right\"><\/i><\/a><\/div><div class=\"w-separator size_custom\" style=\"height:0px\" id=\"ha4f\"><style>@media(max-width:600px){ #ha4f{height:30px!important}}<\/style><\/div><div class=\"w-btn-wrapper align_center\"><a class=\"w-btn us-btn-style_1 us_custom_12c74783 icon_atright\" title=\"Whistleblowing\" target=\"_blank\" rel=\"nofollow\" href=\"https:\/\/www.fontana-group.com\/it\/whistleblowing\/\"><span class=\"w-btn-label\">Sistema Whistleblower. Segnala comportamenti non etici<\/span><i class=\"fas fa-chevron-right\"><\/i><\/a><\/div><\/div><\/div><\/div><\/div><\/div><\/div><\/div><\/div><\/div><\/section>\n","protected":false},"excerpt":{"rendered":"Codice etico. L&#8217;importanza delle regole. Per Fontana Group il rispetto delle regole \u00e8 sempre stato il primo impegno da mantenere. Questo significa rispettare le leggi vigenti, ma non solo. Significa anche osservare tutte le norme che regolano l\u2019attivit\u00e0 produttiva e organizzativa, nella ferma convinzione che i valori etici e i valori economici debbano sempre essere...","protected":false},"author":4,"featured_media":0,"parent":0,"menu_order":0,"comment_status":"closed","ping_status":"closed","template":"","meta":{"_acf_changed":false,"footnotes":""},"class_list":["post-478","page","type-page","status-publish","hentry"],"acf":[],"yoast_head":"<!-- This site is optimized with the Yoast SEO plugin v27.4 - https:\/\/yoast.com\/product\/yoast-seo-wordpress\/ -->\n<title>Codice etico - Fontana Group<\/title>\n<meta name=\"robots\" content=\"index, follow, max-snippet:-1, max-image-preview:large, max-video-preview:-1\" \/>\n<link rel=\"canonical\" href=\"https:\/\/www.fontana-group.com\/it\/codice-etico\/\" \/>\n<meta property=\"og:locale\" content=\"it_IT\" \/>\n<meta property=\"og:type\" content=\"article\" \/>\n<meta property=\"og:title\" content=\"Codice etico - Fontana Group\" \/>\n<meta property=\"og:url\" content=\"https:\/\/www.fontana-group.com\/it\/codice-etico\/\" \/>\n<meta property=\"og:site_name\" content=\"Fontana Group\" \/>\n<meta property=\"article:modified_time\" content=\"2025-07-10T08:14:06+00:00\" \/>\n<meta property=\"og:image\" content=\"https:\/\/www.fontana-group.com\/wp-content\/uploads\/2020\/10\/fontana_w-3.jpg\" \/>\n\t<meta property=\"og:image:width\" content=\"300\" \/>\n\t<meta property=\"og:image:height\" content=\"300\" \/>\n\t<meta property=\"og:image:type\" content=\"image\/jpeg\" \/>\n<meta name=\"twitter:card\" content=\"summary_large_image\" \/>\n<meta name=\"twitter:label1\" content=\"Tempo di lettura stimato\" \/>\n\t<meta name=\"twitter:data1\" content=\"3 minuti\" \/>\n<script type=\"application\/ld+json\" class=\"yoast-schema-graph\">{\"@context\":\"https:\\\/\\\/schema.org\",\"@graph\":[{\"@type\":\"WebPage\",\"@id\":\"https:\\\/\\\/www.fontana-group.com\\\/it\\\/codice-etico\\\/\",\"url\":\"https:\\\/\\\/www.fontana-group.com\\\/it\\\/codice-etico\\\/\",\"name\":\"Codice etico - Fontana Group\",\"isPartOf\":{\"@id\":\"https:\\\/\\\/www.fontana-group.com\\\/it\\\/#website\"},\"datePublished\":\"2020-01-23T10:05:05+00:00\",\"dateModified\":\"2025-07-10T08:14:06+00:00\",\"breadcrumb\":{\"@id\":\"https:\\\/\\\/www.fontana-group.com\\\/it\\\/codice-etico\\\/#breadcrumb\"},\"inLanguage\":\"it-IT\",\"potentialAction\":[{\"@type\":\"ReadAction\",\"target\":[\"https:\\\/\\\/www.fontana-group.com\\\/it\\\/codice-etico\\\/\"]}]},{\"@type\":\"BreadcrumbList\",\"@id\":\"https:\\\/\\\/www.fontana-group.com\\\/it\\\/codice-etico\\\/#breadcrumb\",\"itemListElement\":[{\"@type\":\"ListItem\",\"position\":1,\"name\":\"Home\",\"item\":\"https:\\\/\\\/www.fontana-group.com\\\/it\\\/\"},{\"@type\":\"ListItem\",\"position\":2,\"name\":\"Codice etico\"}]},{\"@type\":\"WebSite\",\"@id\":\"https:\\\/\\\/www.fontana-group.com\\\/it\\\/#website\",\"url\":\"https:\\\/\\\/www.fontana-group.com\\\/it\\\/\",\"name\":\"Fontana Group\",\"description\":\"Where ideas take shape\",\"potentialAction\":[{\"@type\":\"SearchAction\",\"target\":{\"@type\":\"EntryPoint\",\"urlTemplate\":\"https:\\\/\\\/www.fontana-group.com\\\/it\\\/?s={search_term_string}\"},\"query-input\":{\"@type\":\"PropertyValueSpecification\",\"valueRequired\":true,\"valueName\":\"search_term_string\"}}],\"inLanguage\":\"it-IT\"}]}<\/script>\n<!-- \/ Yoast SEO plugin. -->","yoast_head_json":{"title":"Codice etico - Fontana Group","robots":{"index":"index","follow":"follow","max-snippet":"max-snippet:-1","max-image-preview":"max-image-preview:large","max-video-preview":"max-video-preview:-1"},"canonical":"https:\/\/www.fontana-group.com\/it\/codice-etico\/","og_locale":"it_IT","og_type":"article","og_title":"Codice etico - Fontana Group","og_url":"https:\/\/www.fontana-group.com\/it\/codice-etico\/","og_site_name":"Fontana Group","article_modified_time":"2025-07-10T08:14:06+00:00","og_image":[{"width":300,"height":300,"url":"https:\/\/www.fontana-group.com\/wp-content\/uploads\/2020\/10\/fontana_w-3.jpg","type":"image\/jpeg"}],"twitter_card":"summary_large_image","twitter_misc":{"Tempo di lettura stimato":"3 minuti"},"schema":{"@context":"https:\/\/schema.org","@graph":[{"@type":"WebPage","@id":"https:\/\/www.fontana-group.com\/it\/codice-etico\/","url":"https:\/\/www.fontana-group.com\/it\/codice-etico\/","name":"Codice etico - Fontana Group","isPartOf":{"@id":"https:\/\/www.fontana-group.com\/it\/#website"},"datePublished":"2020-01-23T10:05:05+00:00","dateModified":"2025-07-10T08:14:06+00:00","breadcrumb":{"@id":"https:\/\/www.fontana-group.com\/it\/codice-etico\/#breadcrumb"},"inLanguage":"it-IT","potentialAction":[{"@type":"ReadAction","target":["https:\/\/www.fontana-group.com\/it\/codice-etico\/"]}]},{"@type":"BreadcrumbList","@id":"https:\/\/www.fontana-group.com\/it\/codice-etico\/#breadcrumb","itemListElement":[{"@type":"ListItem","position":1,"name":"Home","item":"https:\/\/www.fontana-group.com\/it\/"},{"@type":"ListItem","position":2,"name":"Codice etico"}]},{"@type":"WebSite","@id":"https:\/\/www.fontana-group.com\/it\/#website","url":"https:\/\/www.fontana-group.com\/it\/","name":"Fontana Group","description":"Where ideas take shape","potentialAction":[{"@type":"SearchAction","target":{"@type":"EntryPoint","urlTemplate":"https:\/\/www.fontana-group.com\/it\/?s={search_term_string}"},"query-input":{"@type":"PropertyValueSpecification","valueRequired":true,"valueName":"search_term_string"}}],"inLanguage":"it-IT"}]}},"_links":{"self":[{"href":"https:\/\/www.fontana-group.com\/it\/wp-json\/wp\/v2\/pages\/478","targetHints":{"allow":["GET"]}}],"collection":[{"href":"https:\/\/www.fontana-group.com\/it\/wp-json\/wp\/v2\/pages"}],"about":[{"href":"https:\/\/www.fontana-group.com\/it\/wp-json\/wp\/v2\/types\/page"}],"author":[{"embeddable":true,"href":"https:\/\/www.fontana-group.com\/it\/wp-json\/wp\/v2\/users\/4"}],"replies":[{"embeddable":true,"href":"https:\/\/www.fontana-group.com\/it\/wp-json\/wp\/v2\/comments?post=478"}],"version-history":[{"count":11,"href":"https:\/\/www.fontana-group.com\/it\/wp-json\/wp\/v2\/pages\/478\/revisions"}],"predecessor-version":[{"id":5697,"href":"https:\/\/www.fontana-group.com\/it\/wp-json\/wp\/v2\/pages\/478\/revisions\/5697"}],"wp:attachment":[{"href":"https:\/\/www.fontana-group.com\/it\/wp-json\/wp\/v2\/media?parent=478"}],"curies":[{"name":"wp","href":"https:\/\/api.w.org\/{rel}","templated":true}]}}