{"id":3180,"date":"2020-09-04T12:30:19","date_gmt":"2020-09-04T10:30:19","guid":{"rendered":"https:\/\/www.fontana-group.com\/%e2%80%a8fontana-pietro-kalip\/"},"modified":"2020-10-06T09:49:50","modified_gmt":"2020-10-06T07:49:50","slug":"%e2%80%a8fontana-pietro-kalip","status":"publish","type":"page","link":"https:\/\/www.fontana-group.com\/it\/%e2%80%a8fontana-pietro-kalip\/","title":{"rendered":"\u2028Fontana Pietro Kalip"},"content":{"rendered":"<section class=\"l-section wpb_row sezione1 height_medium with_img\"><div class=\"l-section-img\" role=\"img\" aria-label=\"Immagine\" data-img-width=\"2880\" data-img-height=\"700\" style=\"background-image: url(https:\/\/www.fontana-group.com\/wp-content\/uploads\/2020\/01\/fontana-groupBACKGROUND-PEOPLE.png);\"><\/div><div class=\"l-section-h i-cf\"><div class=\"g-cols vc_row via_flex valign_top type_default stacking_default\"><div class=\"vc_col-sm-12 wpb_column vc_column_container elimino-margin\"><div class=\"vc_column-inner us_custom_57f5615c\"><div class=\"wpb_wrapper\"><div class=\"w-separator size_custom\" style=\"height:50px\" id=\"kb36\"><style>@media(max-width:1024px){ #kb36{height:150px!important}}@media(max-width:600px){ #kb36{height:100px!important}}<\/style><\/div><div class=\"g-cols wpb_row elimino-margin via_flex valign_middle type_default stacking_default\"><div class=\"vc_col-sm-12 wpb_column vc_column_container has_text_color\"><div class=\"vc_column-inner us_custom_6df4bc3a\"><div class=\"wpb_wrapper\"><div class=\"wpb_text_column\"><div class=\"wpb_wrapper\"><h1>\u2028Fontana Pietro Kalip<span class=\"punto\">.<\/span><\/h1>\n<\/div><\/div><\/div><\/div><\/div><\/div><\/div><\/div><\/div><\/div><\/div><\/section><section class=\"l-section wpb_row height_medium\"><div class=\"l-section-overlay\" style=\"background:#000000\"><\/div><div class=\"l-section-h i-cf\"><div class=\"g-cols vc_row via_flex valign_top type_default stacking_default\"><div class=\"vc_col-sm-12 wpb_column vc_column_container\"><div class=\"vc_column-inner\"><div class=\"wpb_wrapper\"><div class=\"g-cols wpb_row via_flex valign_middle type_default stacking_default\"><div class=\"vc_col-sm-12 wpb_column vc_column_container has_text_color\"><div class=\"vc_column-inner us_custom_6df4bc3a\"><div class=\"wpb_wrapper\"><div class=\"wpb_text_column\"><div class=\"wpb_wrapper\"><p>Fontana Pietro Kalip \u00e8 dal 2003 una sede produttiva del Gruppo localizzata ad Istanbul.<br \/>\nLa Turchia si rivela un mercato di sbocco in grande espansione ed un importante centro propulsivo per lo sviluppo sui mercati dell\u2019Est e del Medio Oriente, oltre che un\u2019ottima base su cui sviluppare le necessit\u00e0 produttive del Gruppo in continua crescita.<br \/>\nFontana Pietro Kalip \u00e8 in grado di offrire attivit\u00e0 di costruzione stampi a costi competitivi, con la qualit\u00e0 garantita dal marchio e dall\u2019esperienza certificata di Fontana Pietro.<\/p>\n<\/div><\/div><\/div><\/div><\/div><\/div><\/div><\/div><\/div><\/div><\/div><\/section>\n","protected":false},"excerpt":{"rendered":"\u2028Fontana Pietro Kalip. Fontana Pietro Kalip \u00e8 dal 2003 una sede produttiva del Gruppo localizzata ad Istanbul. La Turchia si rivela un mercato di sbocco in grande espansione ed un importante centro propulsivo per lo sviluppo sui mercati dell\u2019Est e del Medio Oriente, oltre che un\u2019ottima base su cui sviluppare le necessit\u00e0 produttive del Gruppo...","protected":false},"author":4,"featured_media":0,"parent":0,"menu_order":0,"comment_status":"closed","ping_status":"closed","template":"","meta":{"_acf_changed":false,"footnotes":""},"class_list":["post-3180","page","type-page","status-publish","hentry"],"acf":[],"yoast_head":"<!-- This site is optimized with the Yoast SEO plugin v26.0 - https:\/\/yoast.com\/wordpress\/plugins\/seo\/ -->\n<title>\u2028Fontana Pietro Kalip - Fontana Group<\/title>\n<meta name=\"robots\" content=\"index, follow, max-snippet:-1, max-image-preview:large, max-video-preview:-1\" \/>\n<link rel=\"canonical\" href=\"https:\/\/www.fontana-group.com\/it\/\u2028fontana-pietro-kalip\/\" \/>\n<meta property=\"og:locale\" content=\"it_IT\" \/>\n<meta property=\"og:type\" content=\"article\" \/>\n<meta property=\"og:title\" content=\"\u2028Fontana Pietro Kalip - Fontana Group\" \/>\n<meta property=\"og:url\" content=\"https:\/\/www.fontana-group.com\/it\/\u2028fontana-pietro-kalip\/\" \/>\n<meta property=\"og:site_name\" content=\"Fontana Group\" \/>\n<meta property=\"article:modified_time\" content=\"2020-10-06T07:49:50+00:00\" \/>\n<meta property=\"og:image\" content=\"https:\/\/www.fontana-group.com\/wp-content\/uploads\/2020\/10\/fontana_w-3.jpg\" \/>\n\t<meta property=\"og:image:width\" content=\"300\" \/>\n\t<meta property=\"og:image:height\" content=\"300\" \/>\n\t<meta property=\"og:image:type\" content=\"image\/jpeg\" \/>\n<meta name=\"twitter:card\" content=\"summary_large_image\" \/>\n<meta name=\"twitter:label1\" content=\"Tempo di lettura stimato\" \/>\n\t<meta name=\"twitter:data1\" content=\"1 minuto\" \/>\n<script type=\"application\/ld+json\" class=\"yoast-schema-graph\">{\"@context\":\"https:\/\/schema.org\",\"@graph\":[{\"@type\":\"WebPage\",\"@id\":\"https:\/\/www.fontana-group.com\/it\/%e2%80%a8fontana-pietro-kalip\/\",\"url\":\"https:\/\/www.fontana-group.com\/it\/%e2%80%a8fontana-pietro-kalip\/\",\"name\":\"\\u2028Fontana Pietro Kalip - Fontana Group\",\"isPartOf\":{\"@id\":\"https:\/\/www.fontana-group.com\/it\/#website\"},\"datePublished\":\"2020-09-04T10:30:19+00:00\",\"dateModified\":\"2020-10-06T07:49:50+00:00\",\"breadcrumb\":{\"@id\":\"https:\/\/www.fontana-group.com\/it\/%e2%80%a8fontana-pietro-kalip\/#breadcrumb\"},\"inLanguage\":\"it-IT\",\"potentialAction\":[{\"@type\":\"ReadAction\",\"target\":[\"https:\/\/www.fontana-group.com\/it\/%e2%80%a8fontana-pietro-kalip\/\"]}]},{\"@type\":\"BreadcrumbList\",\"@id\":\"https:\/\/www.fontana-group.com\/it\/%e2%80%a8fontana-pietro-kalip\/#breadcrumb\",\"itemListElement\":[{\"@type\":\"ListItem\",\"position\":1,\"name\":\"Home\",\"item\":\"https:\/\/www.fontana-group.com\/it\/\"},{\"@type\":\"ListItem\",\"position\":2,\"name\":\"\\u2028Fontana Pietro Kalip\"}]},{\"@type\":\"WebSite\",\"@id\":\"https:\/\/www.fontana-group.com\/it\/#website\",\"url\":\"https:\/\/www.fontana-group.com\/it\/\",\"name\":\"Fontana Group\",\"description\":\"Where ideas take shape\",\"potentialAction\":[{\"@type\":\"SearchAction\",\"target\":{\"@type\":\"EntryPoint\",\"urlTemplate\":\"https:\/\/www.fontana-group.com\/it\/?s={search_term_string}\"},\"query-input\":{\"@type\":\"PropertyValueSpecification\",\"valueRequired\":true,\"valueName\":\"search_term_string\"}}],\"inLanguage\":\"it-IT\"}]}<\/script>\n<!-- \/ Yoast SEO plugin. -->","yoast_head_json":{"title":"\u2028Fontana Pietro Kalip - Fontana Group","robots":{"index":"index","follow":"follow","max-snippet":"max-snippet:-1","max-image-preview":"max-image-preview:large","max-video-preview":"max-video-preview:-1"},"canonical":"https:\/\/www.fontana-group.com\/it\/\u2028fontana-pietro-kalip\/","og_locale":"it_IT","og_type":"article","og_title":"\u2028Fontana Pietro Kalip - Fontana Group","og_url":"https:\/\/www.fontana-group.com\/it\/\u2028fontana-pietro-kalip\/","og_site_name":"Fontana Group","article_modified_time":"2020-10-06T07:49:50+00:00","og_image":[{"width":300,"height":300,"url":"https:\/\/www.fontana-group.com\/wp-content\/uploads\/2020\/10\/fontana_w-3.jpg","type":"image\/jpeg"}],"twitter_card":"summary_large_image","twitter_misc":{"Tempo di lettura stimato":"1 minuto"},"schema":{"@context":"https:\/\/schema.org","@graph":[{"@type":"WebPage","@id":"https:\/\/www.fontana-group.com\/it\/%e2%80%a8fontana-pietro-kalip\/","url":"https:\/\/www.fontana-group.com\/it\/%e2%80%a8fontana-pietro-kalip\/","name":"\u2028Fontana Pietro Kalip - Fontana Group","isPartOf":{"@id":"https:\/\/www.fontana-group.com\/it\/#website"},"datePublished":"2020-09-04T10:30:19+00:00","dateModified":"2020-10-06T07:49:50+00:00","breadcrumb":{"@id":"https:\/\/www.fontana-group.com\/it\/%e2%80%a8fontana-pietro-kalip\/#breadcrumb"},"inLanguage":"it-IT","potentialAction":[{"@type":"ReadAction","target":["https:\/\/www.fontana-group.com\/it\/%e2%80%a8fontana-pietro-kalip\/"]}]},{"@type":"BreadcrumbList","@id":"https:\/\/www.fontana-group.com\/it\/%e2%80%a8fontana-pietro-kalip\/#breadcrumb","itemListElement":[{"@type":"ListItem","position":1,"name":"Home","item":"https:\/\/www.fontana-group.com\/it\/"},{"@type":"ListItem","position":2,"name":"\u2028Fontana Pietro Kalip"}]},{"@type":"WebSite","@id":"https:\/\/www.fontana-group.com\/it\/#website","url":"https:\/\/www.fontana-group.com\/it\/","name":"Fontana Group","description":"Where ideas take shape","potentialAction":[{"@type":"SearchAction","target":{"@type":"EntryPoint","urlTemplate":"https:\/\/www.fontana-group.com\/it\/?s={search_term_string}"},"query-input":{"@type":"PropertyValueSpecification","valueRequired":true,"valueName":"search_term_string"}}],"inLanguage":"it-IT"}]}},"_links":{"self":[{"href":"https:\/\/www.fontana-group.com\/it\/wp-json\/wp\/v2\/pages\/3180","targetHints":{"allow":["GET"]}}],"collection":[{"href":"https:\/\/www.fontana-group.com\/it\/wp-json\/wp\/v2\/pages"}],"about":[{"href":"https:\/\/www.fontana-group.com\/it\/wp-json\/wp\/v2\/types\/page"}],"author":[{"embeddable":true,"href":"https:\/\/www.fontana-group.com\/it\/wp-json\/wp\/v2\/users\/4"}],"replies":[{"embeddable":true,"href":"https:\/\/www.fontana-group.com\/it\/wp-json\/wp\/v2\/comments?post=3180"}],"version-history":[{"count":4,"href":"https:\/\/www.fontana-group.com\/it\/wp-json\/wp\/v2\/pages\/3180\/revisions"}],"predecessor-version":[{"id":3733,"href":"https:\/\/www.fontana-group.com\/it\/wp-json\/wp\/v2\/pages\/3180\/revisions\/3733"}],"wp:attachment":[{"href":"https:\/\/www.fontana-group.com\/it\/wp-json\/wp\/v2\/media?parent=3180"}],"curies":[{"name":"wp","href":"https:\/\/api.w.org\/{rel}","templated":true}]}}